{"id":326,"date":"2025-12-01T10:27:31","date_gmt":"2025-12-01T10:27:31","guid":{"rendered":"https:\/\/mahera.fr\/?page_id=326"},"modified":"2025-12-01T10:42:24","modified_gmt":"2025-12-01T10:42:24","slug":"mentions-legales","status":"publish","type":"page","link":"https:\/\/mahera.fr\/index.php\/mentions-legales\/","title":{"rendered":"Mentions l\u00e9gales"},"content":{"rendered":"\n<p><strong>Conform\u00e9ment aux dispositions des articles 6-III et 19 de la Loi n\u00b02004-575 du 21 juin 2004 pour la Confiance dans l\u2019\u00c9conomie Num\u00e9rique (LCEN), il est port\u00e9 \u00e0 la connaissance des utilisateurs et visiteurs du site<a href=\"https:\/\/www.prevformasolutions.fr\/\" target=\"_blank\" rel=\"noopener\">&nbsp;www.prevformasolutions.fr<\/a>les pr\u00e9sentes mentions l\u00e9gales.<\/strong><\/p>\n\n\n\n<h5 class=\"wp-block-heading has-text-color has-link-color has-medium-font-size wp-elements-86058568e503c849cfc1575e5970de74\" style=\"color:#aa896e\"><strong>1. Identification de l\u2019\u00e9diteur du site<\/strong><\/h5>\n\n\n\n<p>Le site est \u00e9dit\u00e9 par :<\/p>\n\n\n\n<ul class=\"wp-block-list\">\n<li><strong>Nom de l\u2019\u00e9diteur :&nbsp;<\/strong>PrevForMA Solutions<\/li>\n\n\n\n<li><strong>Forme juridique :<\/strong>&nbsp;Soci\u00e9t\u00e9 par Actions Simplifi\u00e9e Unipersonnelle (SASU)<\/li>\n\n\n\n<li><strong>Capital social :<\/strong>&nbsp;1000 \u20ac<\/li>\n\n\n\n<li><strong>Si\u00e8ge social :&nbsp;<\/strong>4 rue du Centre, 67540 Ostwald, France<\/li>\n\n\n\n<li><strong>Num\u00e9ro de t\u00e9l\u00e9phone :<\/strong>&nbsp;09 80 80 07 08<\/li>\n\n\n\n<li><strong>Adresse email :<\/strong>&nbsp;contact@prevformasolutions.fr<\/li>\n\n\n\n<li><strong>Num\u00e9ro SIRET :&nbsp;<\/strong>932&nbsp;538&nbsp;762&nbsp;00018<\/li>\n\n\n\n<li><strong>Num\u00e9ro TVA intracommunautaire :<\/strong>&nbsp;FR13932538762<\/li>\n\n\n\n<li><strong>Num\u00e9ro d\u2019immatriculation au RCS\/RM :<\/strong>&nbsp;Strasbourg B 932 538 762<\/li>\n<\/ul>\n\n\n\n<h5 class=\"wp-block-heading has-text-color has-link-color has-medium-font-size wp-elements-b1842ca21ceb4a4e11814e555c21c5e1\" style=\"color:#aa896e\">2. H\u00e9bergement du site<\/h5>\n\n\n\n<p>Le site est h\u00e9berg\u00e9 par :<\/p>\n\n\n\n<ul class=\"wp-block-list\">\n<li><strong>Nom de l\u2019h\u00e9bergeur :<\/strong>&nbsp;OVH SAS<\/li>\n\n\n\n<li><strong>Adresse :<\/strong>&nbsp;2 rue Kellermann, 59100 Roubaix, France<\/li>\n\n\n\n<li><strong>T\u00e9l\u00e9phone :<\/strong>&nbsp;09 72 10 10 07<\/li>\n\n\n\n<li><strong>Site internet :<\/strong><a href=\"http:\/\/www.ovh.com\/\" target=\"_blank\" rel=\"noopener\">&nbsp;www.ovh.com<\/a><\/li>\n<\/ul>\n\n\n\n<h5 class=\"wp-block-heading has-text-color has-link-color has-medium-font-size wp-elements-8a756c1fba9016a54801473fe511f9a4\" style=\"color:#aa896e\">3. Directeur de la publication<\/h5>\n\n\n\n<ul class=\"wp-block-list\">\n<li><strong>Nom et pr\u00e9nom du directeur de la publication :<\/strong>&nbsp;Matthieu BLUM<\/li>\n\n\n\n<li><strong>Adresse email :<\/strong>&nbsp;<a href=\"mailto:Prevformasolutions.communication@outlook.com\">Prevformasolutions.communication@outlook.com<\/a><\/li>\n\n\n\n<li><strong>Num\u00e9ro de t\u00e9l\u00e9phone :<\/strong>&nbsp;09 80 80 07 08<\/li>\n\n\n\n<li>Le site a \u00e9t\u00e9 con\u00e7u et d\u00e9velopp\u00e9 par <strong>Assia Chahboun<\/strong>.<\/li>\n<\/ul>\n\n\n\n<p>Le directeur de la publication est la personne physique responsable de la publication du contenu \u00e9ditorial du site.<\/p>\n\n\n\n<h5 class=\"wp-block-heading has-text-color has-link-color has-medium-font-size wp-elements-19820526a74bf071c01161c94e232dcd\" style=\"color:#aa896e\">4. Propri\u00e9t\u00e9 intellectuelle<\/h5>\n\n\n\n<p>L\u2019int\u00e9gralit\u00e9 du contenu pr\u00e9sent sur le site incluant, de fa\u00e7on non limitative, les textes, graphismes, logos, images, vid\u00e9os, sons, animations et ic\u00f4nes, ainsi que leur mise en forme, est la propri\u00e9t\u00e9 exclusive de la soci\u00e9t\u00e9 PrevForMA Solutions, \u00e0 l\u2019exception des marques, logos ou contenus appartenant \u00e0 d\u2019autres soci\u00e9t\u00e9s partenaires ou auteurs.<\/p>\n\n\n\n<p>Toute reproduction, distribution, modification, adaptation, retransmission ou publication, m\u00eame partielle, de ces diff\u00e9rents \u00e9l\u00e9ments est strictement interdite sans l\u2019accord expr\u00e8s par \u00e9crit de PrevForMA Solutions. Cette repr\u00e9sentation ou reproduction, par quelque proc\u00e9d\u00e9 que ce soit, constitue une contrefa\u00e7on sanctionn\u00e9e par les articles L.335-2 et suivants du Code de la propri\u00e9t\u00e9 intellectuelle.<\/p>\n\n\n\n<h5 class=\"wp-block-heading has-text-color has-link-color has-medium-font-size wp-elements-8fac7f5f60acc2f03173a69e2e30cc35\" style=\"color:#aa896e\">5. Limitation de responsabilit\u00e9<\/h5>\n\n\n\n<p>Les informations diffus\u00e9es sur le site sont pr\u00e9sent\u00e9es \u00e0 titre indicatif et g\u00e9n\u00e9ral. PrevForMA Solutions s\u2019efforce de fournir des informations aussi pr\u00e9cises que possible. Toutefois, elle ne saurait garantir l\u2019exactitude, la compl\u00e9tude et l\u2019actualit\u00e9 des informations mises \u00e0 disposition sur le site.<\/p>\n\n\n\n<p>En cons\u00e9quence, l\u2019utilisateur reconna\u00eet utiliser ces informations sous sa responsabilit\u00e9 exclusive. PrevForMA Solutions ne pourra \u00eatre tenue responsable des dommages directs ou indirects r\u00e9sultant de l\u2019utilisation du site, de l\u2019impossibilit\u00e9 d\u2019acc\u00e9der au site ou de toute anomalie dans son fonctionnement.<\/p>\n\n\n\n<h5 class=\"wp-block-heading has-text-color has-link-color has-medium-font-size wp-elements-0ecde76461c6a181531136877eb45037\" style=\"color:#aa896e\">6. Politique de confidentialit\u00e9<\/h5>\n\n\n\n<p>Les donn\u00e9es \u00e0 caract\u00e8re personnel collect\u00e9es via le site sont trait\u00e9es conform\u00e9ment \u00e0 la r\u00e9glementation en vigueur, notamment le R\u00e8glement G\u00e9n\u00e9ral sur la Protection des Donn\u00e9es (RGPD). Pour plus d\u2019informations sur la mani\u00e8re dont vos donn\u00e9es sont trait\u00e9es et vos droits, veuillez consulter notre&nbsp;<a href=\"https:\/\/prevformasolutions.fr\/politique-de-confidentialite\/\" target=\"_blank\" rel=\"noopener\">Politique de confidentialit\u00e9<\/a><\/p>\n\n\n\n<h5 class=\"wp-block-heading has-text-color has-link-color has-medium-font-size wp-elements-2d5e90977a245e2b2afd2ea379b61a31\" style=\"color:#aa896e\">7. Liens hypertextes<\/h5>\n\n\n\n<p>Le site peut contenir des liens hypertextes vers d\u2019autres sites. Cependant, PrevForMA Solutions n\u2019a pas la possibilit\u00e9 de v\u00e9rifier le contenu de ces sites et ne peut assumer aucune responsabilit\u00e9 \u00e0 ce sujet. L\u2019utilisateur est invit\u00e9 \u00e0 consulter les conditions g\u00e9n\u00e9rales d\u2019utilisation et les mentions l\u00e9gales de ces sites.<\/p>\n\n\n\n<h5 class=\"wp-block-heading has-text-color has-link-color has-medium-font-size wp-elements-3c0ef4c755476d53c1446454d63b7771\" style=\"color:#aa896e\">9. Droit applicable<\/h5>\n\n\n\n<p>Le site utilise des cookies afin d\u2019am\u00e9liorer l\u2019exp\u00e9rience utilisateur et de fournir des services personnalis\u00e9s. Pour en savoir plus sur l\u2019utilisation des cookies, veuillez consulter notre Politique des confidentialit\u00e9.<\/p>\n\n\n\n<h5 class=\"wp-block-heading has-text-color has-link-color has-medium-font-size wp-elements-3c0ef4c755476d53c1446454d63b7771\" style=\"color:#aa896e\">9. Droit applicable<\/h5>\n\n\n\n<p>Le site et son contenu sont r\u00e9gis par le droit fran\u00e7ais. En cas de litige relatif \u00e0 l\u2019utilisation du site, et en l\u2019absence de solution amiable, les tribunaux fran\u00e7ais seront seuls comp\u00e9tents.<\/p>\n\n\n\n<p>Derni\u00e8re mise \u00e0 jour : 01\/12\/2025<\/p>\n","protected":false},"excerpt":{"rendered":"<p>Conform\u00e9ment aux dispositions des articles 6-III et 19 de la Loi n\u00b02004-575 du 21 juin 2004 pour la Confiance dans l\u2019\u00c9conomie Num\u00e9rique (LCEN), il est port\u00e9 \u00e0 la connaissance des utilisateurs et visiteurs du site&nbsp;www.prevformasolutions.frles pr\u00e9sentes mentions l\u00e9gales. 1. Identification de l\u2019\u00e9diteur du site Le site est \u00e9dit\u00e9 par : 2. H\u00e9bergement du site Le &hellip; <\/p>\n<p class=\"link-more\"><a href=\"https:\/\/mahera.fr\/index.php\/mentions-legales\/\" class=\"more-link\">Lire la suite de<span class=\"screen-reader-text\">\u00ab\u00a0Mentions l\u00e9gales\u00a0\u00bb<\/span><\/a><\/p>\n","protected":false},"author":1,"featured_media":0,"parent":0,"menu_order":0,"comment_status":"closed","ping_status":"closed","template":"","meta":{"footnotes":""},"class_list":["post-326","page","type-page","status-publish","hentry"],"_links":{"self":[{"href":"https:\/\/mahera.fr\/index.php\/wp-json\/wp\/v2\/pages\/326","targetHints":{"allow":["GET"]}}],"collection":[{"href":"https:\/\/mahera.fr\/index.php\/wp-json\/wp\/v2\/pages"}],"about":[{"href":"https:\/\/mahera.fr\/index.php\/wp-json\/wp\/v2\/types\/page"}],"author":[{"embeddable":true,"href":"https:\/\/mahera.fr\/index.php\/wp-json\/wp\/v2\/users\/1"}],"replies":[{"embeddable":true,"href":"https:\/\/mahera.fr\/index.php\/wp-json\/wp\/v2\/comments?post=326"}],"version-history":[{"count":2,"href":"https:\/\/mahera.fr\/index.php\/wp-json\/wp\/v2\/pages\/326\/revisions"}],"predecessor-version":[{"id":333,"href":"https:\/\/mahera.fr\/index.php\/wp-json\/wp\/v2\/pages\/326\/revisions\/333"}],"wp:attachment":[{"href":"https:\/\/mahera.fr\/index.php\/wp-json\/wp\/v2\/media?parent=326"}],"curies":[{"name":"wp","href":"https:\/\/api.w.org\/{rel}","templated":true}]}}